{"id":12,"date":"2016-12-01T08:27:49","date_gmt":"2016-12-01T08:27:49","guid":{"rendered":"http:\/\/wordpress.kunstkartell-warmbier.de\/?page_id=12"},"modified":"2021-08-16T08:59:46","modified_gmt":"2021-08-16T08:59:46","slug":"links","status":"publish","type":"page","link":"https:\/\/www.kunstkartell-warmbier.de\/?page_id=12","title":{"rendered":"Links"},"content":{"rendered":"<p><span style=\"color: #008000;\"><a style=\"color: #008000;\" href=\"http:\/\/www.schaufenster-erftstadt.de\" target=\"_blank\" rel=\"noopener\">K\u00fcnstlerforum SCHAU-FENSTER Erftstadt e.V.<\/a><\/span><br \/>\n<span style=\"color: #008000;\"> <a style=\"color: #008000;\" href=\"http:\/\/www.kult-IG.de\" target=\"_blank\" rel=\"noopener\">kult-IG &#8211; die Interessengemeinschaft Kultur in Erftstadt<\/a>\u00a0<\/span><br \/>\n<a href=\"https:\/\/www.instagram.com\/roebbes_reads_and_treats\/\" target=\"_blank\" rel=\"noopener\"><span style=\"color: #008000;\">Annes B\u00fccher Blog auf Instagram<\/span><\/a><br \/>\n<span style=\"color: #008000;\"> <a style=\"color: #008000;\" href=\"http:\/\/www.louisiana.dk\" target=\"_blank\" rel=\"noopener\">Louisiana (eins unserer Lieblingsmuseen)<\/a><\/span><br \/>\n<span style=\"color: #008000;\"> <a style=\"color: #008000;\" href=\"http:\/\/roennebaeksholm.dk\/\" target=\"_blank\" rel=\"noopener\">R\u00f8nneb\u00e6ksholm (sch\u00f6nes kleines Museum bei N\u00e6stved)<\/a><\/span><br \/>\n<a href=\"http:\/\/www.koengmuseum.dk\" target=\"_blank\" rel=\"noopener\">Textilmuseum K\u00f8ng<\/a><br \/>\n<a href=\"http:\/\/www.kbm-museum.dk\/\" target=\"_blank\" rel=\"noopener\">Fiskeri- og Bymusum (Karreb\u00e6ksminde)<\/a><br \/>\n<span style=\"color: #008000;\"> <a style=\"color: #008000;\" href=\"http:\/\/sommerudstillingen.dk\/\" target=\"_blank\" rel=\"noopener\">Sommerudstillingen\u00a0(Kunst im Marine-Fort am Fjord)<\/a><\/span><br \/>\n<span style=\"color: #008000;\"> <a style=\"color: #008000;\" href=\"http:\/\/www.gwu-group.de\" target=\"_blank\" rel=\"noopener\">GWU Group (Umwelttechnik)<\/a><\/span><\/p>\n<p>Wir \u00fcbernehmen keine Haftung oder Verantwortung f\u00fcr Inhalte der verlinkten Webseiten!<\/p>\n<p>&nbsp;<\/p>\n","protected":false},"excerpt":{"rendered":"<p>K\u00fcnstlerforum SCHAU-FENSTER Erftstadt e.V. kult-IG &#8211; die Interessengemeinschaft Kultur in Erftstadt\u00a0 Annes B\u00fccher Blog auf Instagram Louisiana (eins unserer Lieblingsmuseen) R\u00f8nneb\u00e6ksholm (sch\u00f6nes kleines Museum bei N\u00e6stved) Textilmuseum K\u00f8ng Fiskeri- og Bymusum (Karreb\u00e6ksminde) Sommerudstillingen\u00a0(Kunst im Marine-Fort am Fjord) GWU Group (Umwelttechnik) Wir \u00fcbernehmen keine Haftung oder Verantwortung f\u00fcr Inhalte der verlinkten Webseiten! &nbsp;<\/p>\n","protected":false},"author":2,"featured_media":0,"parent":0,"menu_order":0,"comment_status":"closed","ping_status":"closed","template":"","meta":{"footnotes":""},"class_list":["post-12","page","type-page","status-publish","hentry"],"_links":{"self":[{"href":"https:\/\/www.kunstkartell-warmbier.de\/index.php?rest_route=\/wp\/v2\/pages\/12","targetHints":{"allow":["GET"]}}],"collection":[{"href":"https:\/\/www.kunstkartell-warmbier.de\/index.php?rest_route=\/wp\/v2\/pages"}],"about":[{"href":"https:\/\/www.kunstkartell-warmbier.de\/index.php?rest_route=\/wp\/v2\/types\/page"}],"author":[{"embeddable":true,"href":"https:\/\/www.kunstkartell-warmbier.de\/index.php?rest_route=\/wp\/v2\/users\/2"}],"replies":[{"embeddable":true,"href":"https:\/\/www.kunstkartell-warmbier.de\/index.php?rest_route=%2Fwp%2Fv2%2Fcomments&post=12"}],"version-history":[{"count":17,"href":"https:\/\/www.kunstkartell-warmbier.de\/index.php?rest_route=\/wp\/v2\/pages\/12\/revisions"}],"predecessor-version":[{"id":574,"href":"https:\/\/www.kunstkartell-warmbier.de\/index.php?rest_route=\/wp\/v2\/pages\/12\/revisions\/574"}],"wp:attachment":[{"href":"https:\/\/www.kunstkartell-warmbier.de\/index.php?rest_route=%2Fwp%2Fv2%2Fmedia&parent=12"}],"curies":[{"name":"wp","href":"https:\/\/api.w.org\/{rel}","templated":true}]}}