{"id":297,"date":"2017-11-23T11:06:53","date_gmt":"2017-11-23T11:06:53","guid":{"rendered":"http:\/\/www.kunstkartell-warmbier.de\/?page_id=297"},"modified":"2017-11-23T11:18:06","modified_gmt":"2017-11-23T11:18:06","slug":"lichtobjekte-2013-2017","status":"publish","type":"page","link":"https:\/\/www.kunstkartell-warmbier.de\/?page_id=297","title":{"rendered":"Lichtobjekte 2013-2017"},"content":{"rendered":"<p>2017: Zensur<\/p>\n<p><img loading=\"lazy\" decoding=\"async\" class=\"alignnone size-medium wp-image-291\" src=\"https:\/\/www.kunstkartell-warmbier.de\/wp-content\/uploads\/2017\/11\/Zensur_pano-300x133.jpg\" alt=\"\" width=\"300\" height=\"133\" srcset=\"https:\/\/www.kunstkartell-warmbier.de\/wp-content\/uploads\/2017\/11\/Zensur_pano-300x133.jpg 300w, https:\/\/www.kunstkartell-warmbier.de\/wp-content\/uploads\/2017\/11\/Zensur_pano-672x300.jpg 672w, https:\/\/www.kunstkartell-warmbier.de\/wp-content\/uploads\/2017\/11\/Zensur_pano.jpg 676w\" sizes=\"auto, (max-width: 300px) 100vw, 300px\" \/><\/p>\n<p>2017: COLOURS &#8211; Farben in Aufl\u00f6sung<\/p>\n<p><img loading=\"lazy\" decoding=\"async\" class=\"alignnone size-medium wp-image-292\" src=\"https:\/\/www.kunstkartell-warmbier.de\/wp-content\/uploads\/2017\/11\/DSC_2212_cut_sm-300x150.jpg\" alt=\"\" width=\"300\" height=\"150\" srcset=\"https:\/\/www.kunstkartell-warmbier.de\/wp-content\/uploads\/2017\/11\/DSC_2212_cut_sm-300x150.jpg 300w, https:\/\/www.kunstkartell-warmbier.de\/wp-content\/uploads\/2017\/11\/DSC_2212_cut_sm.jpg 600w\" sizes=\"auto, (max-width: 300px) 100vw, 300px\" \/><\/p>\n<p>2017: Rauminstallation &#8222;Wortgeflechte&#8220; siehe bei Events Ausstellung <a href=\"https:\/\/www.kunstkartell-warmbier.de\/?p=94\">&#8222;worte\u00a0 formen\u00a0 bilder&#8220;<\/a><\/p>\n<p>2016: Licht in geknickten B\u00fcchern<\/p>\n<p><img loading=\"lazy\" decoding=\"async\" class=\"alignnone size-medium wp-image-294\" src=\"https:\/\/www.kunstkartell-warmbier.de\/wp-content\/uploads\/2017\/11\/IMG_5949_sm-278x300.jpg\" alt=\"\" width=\"278\" height=\"300\" \/><\/p>\n<p>&nbsp;<\/p>\n<p>2014: Kalender-Faltobjekt HIFI 1980<\/p>\n<p><img loading=\"lazy\" decoding=\"async\" class=\"alignnone size-medium wp-image-290\" src=\"https:\/\/www.kunstkartell-warmbier.de\/wp-content\/uploads\/2017\/11\/HIFI_2014-300x295.jpg\" alt=\"\" width=\"300\" height=\"295\" srcset=\"https:\/\/www.kunstkartell-warmbier.de\/wp-content\/uploads\/2017\/11\/HIFI_2014-300x295.jpg 300w, https:\/\/www.kunstkartell-warmbier.de\/wp-content\/uploads\/2017\/11\/HIFI_2014-768x756.jpg 768w, https:\/\/www.kunstkartell-warmbier.de\/wp-content\/uploads\/2017\/11\/HIFI_2014-700x689.jpg 700w, https:\/\/www.kunstkartell-warmbier.de\/wp-content\/uploads\/2017\/11\/HIFI_2014.jpg 813w\" sizes=\"auto, (max-width: 300px) 100vw, 300px\" \/><\/p>\n<p>2014: Die Erde &#8211; eine Scheibe?<img loading=\"lazy\" decoding=\"async\" class=\"size-medium wp-image-288 alignleft\" src=\"https:\/\/www.kunstkartell-warmbier.de\/wp-content\/uploads\/2017\/11\/Erdscheibe_sm-300x225.jpg\" alt=\"\" width=\"300\" height=\"225\" srcset=\"https:\/\/www.kunstkartell-warmbier.de\/wp-content\/uploads\/2017\/11\/Erdscheibe_sm-300x225.jpg 300w, https:\/\/www.kunstkartell-warmbier.de\/wp-content\/uploads\/2017\/11\/Erdscheibe_sm.jpg 400w\" sizes=\"auto, (max-width: 300px) 100vw, 300px\" \/><\/p>\n<p>Diese Assemblage befasst sich mit der Entwicklung unseres Weltbildes von der Erde als einer Scheibe zu einem runden K\u00f6rper. Bereits einige hundert Jahre v.Chr. wurden von Forschern Indizien f\u00fcr eine runde Erde gefunden, doch bis ins Mittelalter hinein wurde von meist kirchlicher Seite aus versucht, dem gemeinen Volk die Vorstellung einer Erdscheibe als Wahrheit zu vermitteln. So wurden Tatsachen verkehrt und verschleiert \u2013 daher ist das Weltraumfoto, auf dem die runde Gestalt des Erdk\u00f6rpers in einer der Applikationen erkennbar ist, nur durch einen \u201eSchleier\u201c zu sehen.<\/p>\n<p>Ein Beispiel f\u00fcr die Manipulationskraft von Kommunikation, Medien und Streuung von falschen Informationen. Dies setzt sich auf mittlerweile sehr viel mehr Ebenen bis in die heutige Zeit fort. Was kommt danach?<\/p>\n<p>Die Spiralen symbolisieren Ammonite, die \u00fcber ein Vielfaches der Zeit der Menschheitsgeschichte unsere Erde bev\u00f6lkerten, Zeichen der L\u00e4nge der Zeit und letztendlich doch der Verg\u00e4nglichkeit; sicherlich nicht interessiert an der Gestalt unserer Erde als Globus sondern nur an dem, was nahe ist.<\/p>\n<p>2013: Buchobjekte mit Licht-\/Schatteneffekt<\/p>\n<p><img loading=\"lazy\" decoding=\"async\" class=\"alignnone wp-image-289 size-large\" src=\"https:\/\/www.kunstkartell-warmbier.de\/wp-content\/uploads\/2017\/11\/Kunstm2013_pano-700x257.jpg\" alt=\"\" width=\"474\" height=\"174\" srcset=\"https:\/\/www.kunstkartell-warmbier.de\/wp-content\/uploads\/2017\/11\/Kunstm2013_pano-700x257.jpg 700w, https:\/\/www.kunstkartell-warmbier.de\/wp-content\/uploads\/2017\/11\/Kunstm2013_pano-300x110.jpg 300w, https:\/\/www.kunstkartell-warmbier.de\/wp-content\/uploads\/2017\/11\/Kunstm2013_pano-768x282.jpg 768w, https:\/\/www.kunstkartell-warmbier.de\/wp-content\/uploads\/2017\/11\/Kunstm2013_pano.jpg 816w\" sizes=\"auto, (max-width: 474px) 100vw, 474px\" \/><\/p>\n<p>&nbsp;<\/p>\n","protected":false},"excerpt":{"rendered":"<p>2017: Zensur 2017: COLOURS &#8211; Farben in Aufl\u00f6sung 2017: Rauminstallation &#8222;Wortgeflechte&#8220; siehe bei Events Ausstellung &#8222;worte\u00a0 formen\u00a0 bilder&#8220; 2016: Licht in geknickten B\u00fcchern &nbsp; 2014: Kalender-Faltobjekt HIFI 1980 2014: Die Erde &#8211; eine Scheibe? Diese Assemblage befasst sich mit der Entwicklung unseres Weltbildes von der Erde als einer Scheibe zu einem runden K\u00f6rper. Bereits einige &hellip; <a href=\"https:\/\/www.kunstkartell-warmbier.de\/?page_id=297\" class=\"more-link\"><span class=\"screen-reader-text\">Lichtobjekte 2013-2017<\/span> weiterlesen <span class=\"meta-nav\">&rarr;<\/span><\/a><\/p>\n","protected":false},"author":3,"featured_media":0,"parent":16,"menu_order":0,"comment_status":"closed","ping_status":"closed","template":"","meta":{"footnotes":""},"class_list":["post-297","page","type-page","status-publish","hentry"],"_links":{"self":[{"href":"https:\/\/www.kunstkartell-warmbier.de\/index.php?rest_route=\/wp\/v2\/pages\/297","targetHints":{"allow":["GET"]}}],"collection":[{"href":"https:\/\/www.kunstkartell-warmbier.de\/index.php?rest_route=\/wp\/v2\/pages"}],"about":[{"href":"https:\/\/www.kunstkartell-warmbier.de\/index.php?rest_route=\/wp\/v2\/types\/page"}],"author":[{"embeddable":true,"href":"https:\/\/www.kunstkartell-warmbier.de\/index.php?rest_route=\/wp\/v2\/users\/3"}],"replies":[{"embeddable":true,"href":"https:\/\/www.kunstkartell-warmbier.de\/index.php?rest_route=%2Fwp%2Fv2%2Fcomments&post=297"}],"version-history":[{"count":3,"href":"https:\/\/www.kunstkartell-warmbier.de\/index.php?rest_route=\/wp\/v2\/pages\/297\/revisions"}],"predecessor-version":[{"id":301,"href":"https:\/\/www.kunstkartell-warmbier.de\/index.php?rest_route=\/wp\/v2\/pages\/297\/revisions\/301"}],"up":[{"embeddable":true,"href":"https:\/\/www.kunstkartell-warmbier.de\/index.php?rest_route=\/wp\/v2\/pages\/16"}],"wp:attachment":[{"href":"https:\/\/www.kunstkartell-warmbier.de\/index.php?rest_route=%2Fwp%2Fv2%2Fmedia&parent=297"}],"curies":[{"name":"wp","href":"https:\/\/api.w.org\/{rel}","templated":true}]}}