{"id":302,"date":"2017-11-25T13:36:39","date_gmt":"2017-11-25T13:36:39","guid":{"rendered":"http:\/\/www.kunstkartell-warmbier.de\/?page_id=302"},"modified":"2023-05-17T08:17:25","modified_gmt":"2023-05-17T08:17:25","slug":"papierkunst-2013-2017","status":"publish","type":"page","link":"https:\/\/www.kunstkartell-warmbier.de\/?page_id=302","title":{"rendered":"Papierkunst 2013 -2017"},"content":{"rendered":"<p>2017: Faltobjekte: &#8222;rot_gr\u00fcn&#8220;<img loading=\"lazy\" decoding=\"async\" class=\"size-medium wp-image-310 aligncenter\" src=\"https:\/\/www.kunstkartell-warmbier.de\/wp-content\/uploads\/2017\/11\/rot_gr\u00fcn_2017_800-300x225.jpg\" alt=\"\" width=\"300\" height=\"225\" srcset=\"https:\/\/www.kunstkartell-warmbier.de\/wp-content\/uploads\/2017\/11\/rot_gr\u00fcn_2017_800-300x225.jpg 300w, https:\/\/www.kunstkartell-warmbier.de\/wp-content\/uploads\/2017\/11\/rot_gr\u00fcn_2017_800-768x576.jpg 768w, https:\/\/www.kunstkartell-warmbier.de\/wp-content\/uploads\/2017\/11\/rot_gr\u00fcn_2017_800-700x525.jpg 700w, https:\/\/www.kunstkartell-warmbier.de\/wp-content\/uploads\/2017\/11\/rot_gr\u00fcn_2017_800.jpg 1067w\" sizes=\"auto, (max-width: 300px) 100vw, 300px\" \/><\/p>\n<p>2016: &#8222;Alles f\u00fcr nix gut&#8220;<\/p>\n<p><img loading=\"lazy\" decoding=\"async\" class=\"size-medium wp-image-313 aligncenter\" src=\"https:\/\/www.kunstkartell-warmbier.de\/wp-content\/uploads\/2017\/11\/Alles-f\u00fcr-nix-gut-300x290.jpg\" alt=\"\" width=\"300\" height=\"290\" srcset=\"https:\/\/www.kunstkartell-warmbier.de\/wp-content\/uploads\/2017\/11\/Alles-f\u00fcr-nix-gut-300x290.jpg 300w, https:\/\/www.kunstkartell-warmbier.de\/wp-content\/uploads\/2017\/11\/Alles-f\u00fcr-nix-gut-768x743.jpg 768w, https:\/\/www.kunstkartell-warmbier.de\/wp-content\/uploads\/2017\/11\/Alles-f\u00fcr-nix-gut-700x677.jpg 700w, https:\/\/www.kunstkartell-warmbier.de\/wp-content\/uploads\/2017\/11\/Alles-f\u00fcr-nix-gut.jpg 827w\" sizes=\"auto, (max-width: 300px) 100vw, 300px\" \/>2015: Faltobjekt<img loading=\"lazy\" decoding=\"async\" class=\"size-medium wp-image-309 aligncenter\" src=\"https:\/\/www.kunstkartell-warmbier.de\/wp-content\/uploads\/2017\/11\/Faltbuch_2015_800-273x300.jpg\" alt=\"\" width=\"273\" height=\"300\" srcset=\"https:\/\/www.kunstkartell-warmbier.de\/wp-content\/uploads\/2017\/11\/Faltbuch_2015_800-273x300.jpg 273w, https:\/\/www.kunstkartell-warmbier.de\/wp-content\/uploads\/2017\/11\/Faltbuch_2015_800-700x768.jpg 700w, https:\/\/www.kunstkartell-warmbier.de\/wp-content\/uploads\/2017\/11\/Faltbuch_2015_800.jpg 729w\" sizes=\"auto, (max-width: 273px) 100vw, 273px\" \/><img loading=\"lazy\" decoding=\"async\" class=\"size-medium wp-image-312 alignright\" src=\"https:\/\/www.kunstkartell-warmbier.de\/wp-content\/uploads\/2017\/11\/Grenzg\u00e4nger_800-300x266.jpg\" alt=\"\" width=\"300\" height=\"266\" srcset=\"https:\/\/www.kunstkartell-warmbier.de\/wp-content\/uploads\/2017\/11\/Grenzg\u00e4nger_800-300x266.jpg 300w, https:\/\/www.kunstkartell-warmbier.de\/wp-content\/uploads\/2017\/11\/Grenzg\u00e4nger_800-768x682.jpg 768w, https:\/\/www.kunstkartell-warmbier.de\/wp-content\/uploads\/2017\/11\/Grenzg\u00e4nger_800-700x622.jpg 700w, https:\/\/www.kunstkartell-warmbier.de\/wp-content\/uploads\/2017\/11\/Grenzg\u00e4nger_800.jpg 901w\" sizes=\"auto, (max-width: 300px) 100vw, 300px\" \/><\/p>\n<p>&nbsp;<\/p>\n<p>&nbsp;<\/p>\n<p>&nbsp;<\/p>\n<p>&nbsp;<\/p>\n<p>Grenzg\u00e4nger (Assemblage)<\/p>\n<p>2014: Faltobjekt &#8222;Scharade&#8220;<img loading=\"lazy\" decoding=\"async\" class=\"wp-image-307 aligncenter\" src=\"https:\/\/www.kunstkartell-warmbier.de\/wp-content\/uploads\/2017\/11\/Scharade_800-300x298.jpg\" alt=\"\" width=\"284\" height=\"282\" srcset=\"https:\/\/www.kunstkartell-warmbier.de\/wp-content\/uploads\/2017\/11\/Scharade_800-300x298.jpg 300w, https:\/\/www.kunstkartell-warmbier.de\/wp-content\/uploads\/2017\/11\/Scharade_800-150x150.jpg 150w, https:\/\/www.kunstkartell-warmbier.de\/wp-content\/uploads\/2017\/11\/Scharade_800-768x763.jpg 768w, https:\/\/www.kunstkartell-warmbier.de\/wp-content\/uploads\/2017\/11\/Scharade_800-700x696.jpg 700w, https:\/\/www.kunstkartell-warmbier.de\/wp-content\/uploads\/2017\/11\/Scharade_800.jpg 805w\" sizes=\"auto, (max-width: 284px) 100vw, 284px\" \/><img loading=\"lazy\" decoding=\"async\" class=\"size-medium wp-image-311 alignright\" src=\"https:\/\/www.kunstkartell-warmbier.de\/wp-content\/uploads\/2017\/11\/Duo_2014-300x160.jpg\" alt=\"\" width=\"300\" height=\"160\" srcset=\"https:\/\/www.kunstkartell-warmbier.de\/wp-content\/uploads\/2017\/11\/Duo_2014-300x160.jpg 300w, https:\/\/www.kunstkartell-warmbier.de\/wp-content\/uploads\/2017\/11\/Duo_2014-768x409.jpg 768w, https:\/\/www.kunstkartell-warmbier.de\/wp-content\/uploads\/2017\/11\/Duo_2014-700x373.jpg 700w, https:\/\/www.kunstkartell-warmbier.de\/wp-content\/uploads\/2017\/11\/Duo_2014.jpg 1501w\" sizes=\"auto, (max-width: 300px) 100vw, 300px\" \/><\/p>\n<p>&nbsp;<\/p>\n<p>&nbsp;<\/p>\n<p>Gerahmte Faltobjekte &#8222;Duo&#8220;<\/p>\n<p>2013: Faltobjekt &#8222;Charlie&#8220;<img loading=\"lazy\" decoding=\"async\" class=\"aligncenter wp-image-305 \" src=\"https:\/\/www.kunstkartell-warmbier.de\/wp-content\/uploads\/2017\/11\/charlie_cut_800.jpg\" alt=\"\" width=\"360\" height=\"399\" srcset=\"https:\/\/www.kunstkartell-warmbier.de\/wp-content\/uploads\/2017\/11\/charlie_cut_800.jpg 721w, https:\/\/www.kunstkartell-warmbier.de\/wp-content\/uploads\/2017\/11\/charlie_cut_800-270x300.jpg 270w, https:\/\/www.kunstkartell-warmbier.de\/wp-content\/uploads\/2017\/11\/charlie_cut_800-700x777.jpg 700w\" sizes=\"auto, (max-width: 360px) 100vw, 360px\" \/><\/p>\n","protected":false},"excerpt":{"rendered":"<p>2017: Faltobjekte: &#8222;rot_gr\u00fcn&#8220; 2016: &#8222;Alles f\u00fcr nix gut&#8220; 2015: Faltobjekt &nbsp; &nbsp; &nbsp; &nbsp; Grenzg\u00e4nger (Assemblage) 2014: Faltobjekt &#8222;Scharade&#8220; &nbsp; &nbsp; Gerahmte Faltobjekte &#8222;Duo&#8220; 2013: Faltobjekt &#8222;Charlie&#8220;<\/p>\n","protected":false},"author":3,"featured_media":0,"parent":8,"menu_order":0,"comment_status":"closed","ping_status":"closed","template":"","meta":{"footnotes":""},"class_list":["post-302","page","type-page","status-publish","hentry"],"_links":{"self":[{"href":"https:\/\/www.kunstkartell-warmbier.de\/index.php?rest_route=\/wp\/v2\/pages\/302","targetHints":{"allow":["GET"]}}],"collection":[{"href":"https:\/\/www.kunstkartell-warmbier.de\/index.php?rest_route=\/wp\/v2\/pages"}],"about":[{"href":"https:\/\/www.kunstkartell-warmbier.de\/index.php?rest_route=\/wp\/v2\/types\/page"}],"author":[{"embeddable":true,"href":"https:\/\/www.kunstkartell-warmbier.de\/index.php?rest_route=\/wp\/v2\/users\/3"}],"replies":[{"embeddable":true,"href":"https:\/\/www.kunstkartell-warmbier.de\/index.php?rest_route=%2Fwp%2Fv2%2Fcomments&post=302"}],"version-history":[{"count":6,"href":"https:\/\/www.kunstkartell-warmbier.de\/index.php?rest_route=\/wp\/v2\/pages\/302\/revisions"}],"predecessor-version":[{"id":653,"href":"https:\/\/www.kunstkartell-warmbier.de\/index.php?rest_route=\/wp\/v2\/pages\/302\/revisions\/653"}],"up":[{"embeddable":true,"href":"https:\/\/www.kunstkartell-warmbier.de\/index.php?rest_route=\/wp\/v2\/pages\/8"}],"wp:attachment":[{"href":"https:\/\/www.kunstkartell-warmbier.de\/index.php?rest_route=%2Fwp%2Fv2%2Fmedia&parent=302"}],"curies":[{"name":"wp","href":"https:\/\/api.w.org\/{rel}","templated":true}]}}