{"id":6,"date":"2016-12-01T08:17:20","date_gmt":"2016-12-01T08:17:20","guid":{"rendered":"http:\/\/wordpress.kunstkartell-warmbier.de\/?page_id=6"},"modified":"2026-01-11T09:31:51","modified_gmt":"2026-01-11T09:31:51","slug":"home","status":"publish","type":"page","link":"https:\/\/www.kunstkartell-warmbier.de\/","title":{"rendered":"Home"},"content":{"rendered":"<h3><strong><img loading=\"lazy\" decoding=\"async\" class=\"alignnone size-full wp-image-974\" src=\"https:\/\/www.kunstkartell-warmbier.de\/wp-content\/uploads\/2026\/01\/DSC_7471_cutc_fb.jpg\" alt=\"\" width=\"1920\" height=\"968\" srcset=\"https:\/\/www.kunstkartell-warmbier.de\/wp-content\/uploads\/2026\/01\/DSC_7471_cutc_fb.jpg 1920w, https:\/\/www.kunstkartell-warmbier.de\/wp-content\/uploads\/2026\/01\/DSC_7471_cutc_fb-300x151.jpg 300w, https:\/\/www.kunstkartell-warmbier.de\/wp-content\/uploads\/2026\/01\/DSC_7471_cutc_fb-700x353.jpg 700w, https:\/\/www.kunstkartell-warmbier.de\/wp-content\/uploads\/2026\/01\/DSC_7471_cutc_fb-768x387.jpg 768w, https:\/\/www.kunstkartell-warmbier.de\/wp-content\/uploads\/2026\/01\/DSC_7471_cutc_fb-1536x774.jpg 1536w\" sizes=\"auto, (max-width: 1920px) 100vw, 1920px\" \/><\/strong><\/h3>\n<h3><strong>Willkommen &#8211; Welcome &#8211; Velkommen<\/strong><\/h3>\n<p>Sch\u00f6n, dass Du uns gefunden hast!<\/p>\n<p>2025 war f\u00fcr uns ein Jahr mit sch\u00f6nen, erfolgreichen\u00a0 Ausstellungen und inspirierenden Begegnungen mit vielen netten Menschen. Daf\u00fcr zum\u00a0 Jahresende ein\u00a0 HERZLICHES DANKESCH\u00d6N!<\/p>\n<p>Leider ist die weltpolitische Lage mit Kriegen in vielen Regionen der Erde gegen\u00fcber letztem Jahr nicht verbessert. Und weiterhin treffen dramatische Folgen des Klimawandels viele Menschen.\u00a0 Geben wir die Hoffnung nicht auf, dass in Kriegsgebieten Friede einkehren kann und unsere Umwelt ab jetzt so behandelt wird, dass auch f\u00fcr kommende Generationen noch ein lebenswertes Dasein gesichert wird!<\/p>\n<p>Wir werden auch im Jahr 2026 versuchen, unser Leben auch durch Kunst sch\u00f6ner zu machen und zu bereichern und so positive Gedanken zu schaffen.\u00a0 Positive Gedanken k\u00f6nnen ja die Grundlage f\u00fcr ein friedliches und respektvolles Miteinander bilden!<\/p>\n<p>Wir freuen uns auf viele interessante Erfahrungen, Begegnungen und Gespr\u00e4che mit gleichgesinnten Menschen im kommenden Jahr.<\/p>\n<p>Euch\u00a0 allen und Euren Lieben eine sch\u00f6ne Weihnachtszeit fest und\u00a0 ein friedvolles, gesundes und erfreuliches Jahr 2026!<\/p>\n<p>&#8230; und wenn es weitere Neuigkeiten gibt, findet Ihr das hier!<\/p>\n<p>&#8230; und <a href=\"https:\/\/www.kunstkartell-warmbier.de\/?page_id=12\">hier<\/a> findet Ihr au\u00dferdem noch weitere spannende Links zu mehr Kunst und\u00a0 Kultur.<\/p>\n<p>&nbsp;<\/p>\n<p>&nbsp;<\/p>\n","protected":false},"excerpt":{"rendered":"<p>Willkommen &#8211; Welcome &#8211; Velkommen Sch\u00f6n, dass Du uns gefunden hast! 2025 war f\u00fcr uns ein Jahr mit sch\u00f6nen, erfolgreichen\u00a0 Ausstellungen und inspirierenden Begegnungen mit vielen netten Menschen. Daf\u00fcr zum\u00a0 Jahresende ein\u00a0 HERZLICHES DANKESCH\u00d6N! Leider ist die weltpolitische Lage mit Kriegen in vielen Regionen der Erde gegen\u00fcber letztem Jahr nicht verbessert. Und weiterhin treffen dramatische &hellip; <a href=\"https:\/\/www.kunstkartell-warmbier.de\/\" class=\"more-link\"><span class=\"screen-reader-text\">Home<\/span> weiterlesen <span class=\"meta-nav\">&rarr;<\/span><\/a><\/p>\n","protected":false},"author":2,"featured_media":0,"parent":0,"menu_order":0,"comment_status":"closed","ping_status":"closed","template":"","meta":{"footnotes":""},"class_list":["post-6","page","type-page","status-publish","hentry"],"_links":{"self":[{"href":"https:\/\/www.kunstkartell-warmbier.de\/index.php?rest_route=\/wp\/v2\/pages\/6","targetHints":{"allow":["GET"]}}],"collection":[{"href":"https:\/\/www.kunstkartell-warmbier.de\/index.php?rest_route=\/wp\/v2\/pages"}],"about":[{"href":"https:\/\/www.kunstkartell-warmbier.de\/index.php?rest_route=\/wp\/v2\/types\/page"}],"author":[{"embeddable":true,"href":"https:\/\/www.kunstkartell-warmbier.de\/index.php?rest_route=\/wp\/v2\/users\/2"}],"replies":[{"embeddable":true,"href":"https:\/\/www.kunstkartell-warmbier.de\/index.php?rest_route=%2Fwp%2Fv2%2Fcomments&post=6"}],"version-history":[{"count":77,"href":"https:\/\/www.kunstkartell-warmbier.de\/index.php?rest_route=\/wp\/v2\/pages\/6\/revisions"}],"predecessor-version":[{"id":975,"href":"https:\/\/www.kunstkartell-warmbier.de\/index.php?rest_route=\/wp\/v2\/pages\/6\/revisions\/975"}],"wp:attachment":[{"href":"https:\/\/www.kunstkartell-warmbier.de\/index.php?rest_route=%2Fwp%2Fv2%2Fmedia&parent=6"}],"curies":[{"name":"wp","href":"https:\/\/api.w.org\/{rel}","templated":true}]}}